{"id":278,"date":"2023-12-05T17:07:04","date_gmt":"2023-12-05T17:07:04","guid":{"rendered":"https:\/\/angry-germain.93-93-118-239.plesk.page\/?page_id=278"},"modified":"2023-12-11T09:14:26","modified_gmt":"2023-12-11T08:14:26","slug":"blog","status":"publish","type":"page","link":"https:\/\/cuida-pro.com\/?page_id=278","title":{"rendered":"Blog"},"content":{"rendered":"\t\t<div data-elementor-type=\"wp-page\" data-elementor-id=\"278\" class=\"elementor elementor-278\" data-elementor-post-type=\"page\">\n\t\t\t\t<div class=\"elementor-element elementor-element-6105b212 e-flex e-con-boxed e-con e-parent\" data-id=\"6105b212\" data-element_type=\"container\" data-e-type=\"container\">\n\t\t\t\t\t<div class=\"e-con-inner\">\n\t\t<div class=\"elementor-element elementor-element-7abb66fc e-con-full e-flex e-con e-child\" data-id=\"7abb66fc\" data-element_type=\"container\" data-e-type=\"container\">\n\t\t\t\t<div class=\"elementor-element elementor-element-5eca3e57 elementor-widget elementor-widget-heading\" data-id=\"5eca3e57\" data-element_type=\"widget\" data-e-type=\"widget\" data-widget_type=\"heading.default\">\n\t\t\t\t<div class=\"elementor-widget-container\">\n\t\t\t\t\t<h1 class=\"elementor-heading-title elementor-size-default\">Blog\n<\/h1>\t\t\t\t<\/div>\n\t\t\t\t<\/div>\n\t\t\t\t<div class=\"elementor-element elementor-element-66df52b3 elementor-widget elementor-widget-text-editor\" data-id=\"66df52b3\" data-element_type=\"widget\" data-e-type=\"widget\" data-widget_type=\"text-editor.default\">\n\t\t\t\t<div class=\"elementor-widget-container\">\n\t\t\t\t\t\t\t\t\t<p>A CuidaPro estem compromesos amb oferir el millor servei de cura i benestar de la gent gran. En aquest espai compartirem temes importants per a aquells que necessitin brindar la millor cura als seus sers estimats.<\/p>\t\t\t\t\t\t\t\t<\/div>\n\t\t\t\t<\/div>\n\t\t\t\t<\/div>\n\t\t<div class=\"elementor-element elementor-element-765dc381 e-con-full e-flex e-con e-child\" data-id=\"765dc381\" data-element_type=\"container\" data-e-type=\"container\">\n\t\t\t\t<\/div>\n\t\t\t\t\t<\/div>\n\t\t\t\t<\/div>\n\t\t<div class=\"elementor-element elementor-element-9546e57 e-flex e-con-boxed e-con e-parent\" data-id=\"9546e57\" data-element_type=\"container\" data-e-type=\"container\">\n\t\t\t\t\t<div class=\"e-con-inner\">\n\t\t\t\t<div class=\"elementor-element elementor-element-ca485f0 elementor-grid-3 elementor-grid-tablet-2 elementor-grid-mobile-1 elementor-posts--thumbnail-top elementor-widget elementor-widget-posts\" data-id=\"ca485f0\" data-element_type=\"widget\" data-e-type=\"widget\" data-settings=\"{&quot;pagination_type&quot;:&quot;numbers_and_prev_next&quot;,&quot;classic_columns&quot;:&quot;3&quot;,&quot;classic_columns_tablet&quot;:&quot;2&quot;,&quot;classic_columns_mobile&quot;:&quot;1&quot;,&quot;classic_row_gap&quot;:{&quot;unit&quot;:&quot;px&quot;,&quot;size&quot;:35,&quot;sizes&quot;:[]},&quot;classic_row_gap_tablet&quot;:{&quot;unit&quot;:&quot;px&quot;,&quot;size&quot;:&quot;&quot;,&quot;sizes&quot;:[]},&quot;classic_row_gap_mobile&quot;:{&quot;unit&quot;:&quot;px&quot;,&quot;size&quot;:&quot;&quot;,&quot;sizes&quot;:[]}}\" data-widget_type=\"posts.classic\">\n\t\t\t\t<div class=\"elementor-widget-container\">\n\t\t\t\t\t\t\t<div class=\"elementor-posts-container elementor-posts elementor-posts--skin-classic elementor-grid\" role=\"list\">\n\t\t\t\t<article class=\"elementor-post elementor-grid-item post-695 post type-post status-publish format-standard has-post-thumbnail hentry category-uncategorized\" role=\"listitem\">\n\t\t\t\t<a class=\"elementor-post__thumbnail__link\" href=\"https:\/\/cuida-pro.com\/?p=695\" tabindex=\"-1\" >\n\t\t\t<div class=\"elementor-post__thumbnail\"><img fetchpriority=\"high\" decoding=\"async\" width=\"300\" height=\"200\" src=\"https:\/\/cuida-pro.com\/wp-content\/uploads\/2023\/12\/hombre-senior-casual-casa-300x200.jpg\" class=\"attachment-medium size-medium wp-image-650\" alt=\"Atenci\u00f3 24h de gent gran\" srcset=\"https:\/\/cuida-pro.com\/wp-content\/uploads\/2023\/12\/hombre-senior-casual-casa-300x200.jpg 300w, https:\/\/cuida-pro.com\/wp-content\/uploads\/2023\/12\/hombre-senior-casual-casa-1024x683.jpg 1024w, https:\/\/cuida-pro.com\/wp-content\/uploads\/2023\/12\/hombre-senior-casual-casa-768x512.jpg 768w, https:\/\/cuida-pro.com\/wp-content\/uploads\/2023\/12\/hombre-senior-casual-casa-1536x1024.jpg 1536w, https:\/\/cuida-pro.com\/wp-content\/uploads\/2023\/12\/hombre-senior-casual-casa-2048x1366.jpg 2048w\" sizes=\"(max-width: 300px) 100vw, 300px\" \/><\/div>\n\t\t<\/a>\n\t\t\t\t<div class=\"elementor-post__text\">\n\t\t\t\t<h3 class=\"elementor-post__title\">\n\t\t\t<a href=\"https:\/\/cuida-pro.com\/?p=695\" >\n\t\t\t\tLa import\u00e0ncia de la salut emocional en la tercera edat\t\t\t<\/a>\n\t\t<\/h3>\n\t\t\t\t<div class=\"elementor-post__meta-data\">\n\t\t\t\t\t<span class=\"elementor-post-date\">\n\t\t\tdiciembre 6, 2023\t\t<\/span>\n\t\t\t\t<\/div>\n\t\t\t\t<div class=\"elementor-post__excerpt\">\n\t\t\t<p>En\u00a0CuidaPro, reconeixem la import\u00e0ncia fonamental de la salut emocional en la tercera edat. Una bona salut emocional contribueix al benestar general, ajuda a enfrontar canvis<\/p>\n\t\t<\/div>\n\t\t\n\t\t<a class=\"elementor-post__read-more\" href=\"https:\/\/cuida-pro.com\/?p=695\" aria-label=\"Read more about La import\u00e0ncia de la salut emocional en la tercera edat\" tabindex=\"-1\" >\n\t\t\tLlegir m\u00e9s \u00bb\t\t<\/a>\n\n\t\t\t\t<\/div>\n\t\t\t\t<\/article>\n\t\t\t\t<article class=\"elementor-post elementor-grid-item post-691 post type-post status-publish format-standard has-post-thumbnail hentry category-uncategorized\" role=\"listitem\">\n\t\t\t\t<a class=\"elementor-post__thumbnail__link\" href=\"https:\/\/cuida-pro.com\/?p=691\" tabindex=\"-1\" >\n\t\t\t<div class=\"elementor-post__thumbnail\"><img decoding=\"async\" width=\"300\" height=\"200\" src=\"https:\/\/cuida-pro.com\/wp-content\/uploads\/2023\/12\/invalido-cuidador-300x200.jpg\" class=\"attachment-medium size-medium wp-image-651\" alt=\"Atenci\u00f3 24h de gent gran\" srcset=\"https:\/\/cuida-pro.com\/wp-content\/uploads\/2023\/12\/invalido-cuidador-300x200.jpg 300w, https:\/\/cuida-pro.com\/wp-content\/uploads\/2023\/12\/invalido-cuidador-1024x683.jpg 1024w, https:\/\/cuida-pro.com\/wp-content\/uploads\/2023\/12\/invalido-cuidador-768x512.jpg 768w, https:\/\/cuida-pro.com\/wp-content\/uploads\/2023\/12\/invalido-cuidador-1536x1024.jpg 1536w, https:\/\/cuida-pro.com\/wp-content\/uploads\/2023\/12\/invalido-cuidador-2048x1365.jpg 2048w\" sizes=\"(max-width: 300px) 100vw, 300px\" \/><\/div>\n\t\t<\/a>\n\t\t\t\t<div class=\"elementor-post__text\">\n\t\t\t\t<h3 class=\"elementor-post__title\">\n\t\t\t<a href=\"https:\/\/cuida-pro.com\/?p=691\" >\n\t\t\t\tL&#8217;impacte dels cuidadors a domicili en la qualitat de vida dels majors i les seves fam\u00edlies\t\t\t<\/a>\n\t\t<\/h3>\n\t\t\t\t<div class=\"elementor-post__meta-data\">\n\t\t\t\t\t<span class=\"elementor-post-date\">\n\t\t\tdiciembre 6, 2023\t\t<\/span>\n\t\t\t\t<\/div>\n\t\t\t\t<div class=\"elementor-post__excerpt\">\n\t\t\t<p>La cura a domicili \u00e9s com portar el cor de la llar m\u00e9s enll\u00e0 de les seves parets, donant confort i assist\u00e8ncia en l&#8217;entorn. En<\/p>\n\t\t<\/div>\n\t\t\n\t\t<a class=\"elementor-post__read-more\" href=\"https:\/\/cuida-pro.com\/?p=691\" aria-label=\"Read more about L&#8217;impacte dels cuidadors a domicili en la qualitat de vida dels majors i les seves fam\u00edlies\" tabindex=\"-1\" >\n\t\t\tLlegir m\u00e9s \u00bb\t\t<\/a>\n\n\t\t\t\t<\/div>\n\t\t\t\t<\/article>\n\t\t\t\t<article class=\"elementor-post elementor-grid-item post-269 post type-post status-publish format-standard has-post-thumbnail hentry category-uncategorized\" role=\"listitem\">\n\t\t\t\t<a class=\"elementor-post__thumbnail__link\" href=\"https:\/\/cuida-pro.com\/?p=269\" tabindex=\"-1\" >\n\t\t\t<div class=\"elementor-post__thumbnail\"><img decoding=\"async\" width=\"300\" height=\"200\" src=\"https:\/\/cuida-pro.com\/wp-content\/uploads\/2023\/12\/sonriente-hombre-mujer-posar-juntos-300x200.jpg\" class=\"attachment-medium size-medium wp-image-645\" alt=\"Cuidadora de persona gran\" srcset=\"https:\/\/cuida-pro.com\/wp-content\/uploads\/2023\/12\/sonriente-hombre-mujer-posar-juntos-300x200.jpg 300w, https:\/\/cuida-pro.com\/wp-content\/uploads\/2023\/12\/sonriente-hombre-mujer-posar-juntos-1024x681.jpg 1024w, https:\/\/cuida-pro.com\/wp-content\/uploads\/2023\/12\/sonriente-hombre-mujer-posar-juntos-768x511.jpg 768w, https:\/\/cuida-pro.com\/wp-content\/uploads\/2023\/12\/sonriente-hombre-mujer-posar-juntos-1536x1022.jpg 1536w, https:\/\/cuida-pro.com\/wp-content\/uploads\/2023\/12\/sonriente-hombre-mujer-posar-juntos-2048x1363.jpg 2048w\" sizes=\"(max-width: 300px) 100vw, 300px\" \/><\/div>\n\t\t<\/a>\n\t\t\t\t<div class=\"elementor-post__text\">\n\t\t\t\t<h3 class=\"elementor-post__title\">\n\t\t\t<a href=\"https:\/\/cuida-pro.com\/?p=269\" >\n\t\t\t\tPer qu\u00e8 l&#8217;atenci\u00f3 24 hores \u00e9s crucial molts cops en la cura de persones grans?\t\t\t<\/a>\n\t\t<\/h3>\n\t\t\t\t<div class=\"elementor-post__meta-data\">\n\t\t\t\t\t<span class=\"elementor-post-date\">\n\t\t\tdiciembre 5, 2023\t\t<\/span>\n\t\t\t\t<\/div>\n\t\t\t\t<div class=\"elementor-post__excerpt\">\n\t\t\t<p>CuidaPro<\/p>\n\t\t<\/div>\n\t\t\n\t\t<a class=\"elementor-post__read-more\" href=\"https:\/\/cuida-pro.com\/?p=269\" aria-label=\"Read more about Per qu\u00e8 l&#8217;atenci\u00f3 24 hores \u00e9s crucial molts cops en la cura de persones grans?\" tabindex=\"-1\" >\n\t\t\tLlegir m\u00e9s \u00bb\t\t<\/a>\n\n\t\t\t\t<\/div>\n\t\t\t\t<\/article>\n\t\t\t\t<article class=\"elementor-post elementor-grid-item post-232 post type-post status-publish format-standard has-post-thumbnail hentry category-uncategorized\" role=\"listitem\">\n\t\t\t\t<a class=\"elementor-post__thumbnail__link\" href=\"https:\/\/cuida-pro.com\/?p=232\" tabindex=\"-1\" >\n\t\t\t<div class=\"elementor-post__thumbnail\"><img loading=\"lazy\" decoding=\"async\" width=\"300\" height=\"200\" src=\"https:\/\/cuida-pro.com\/wp-content\/uploads\/2023\/12\/concepto-atencion-plena-mujer-borrosa-al-aire-libre-300x200.jpg\" class=\"attachment-medium size-medium wp-image-233\" alt=\"Per qu\u00e8 escollir CuidaPro?\" srcset=\"https:\/\/cuida-pro.com\/wp-content\/uploads\/2023\/12\/concepto-atencion-plena-mujer-borrosa-al-aire-libre-300x200.jpg 300w, https:\/\/cuida-pro.com\/wp-content\/uploads\/2023\/12\/concepto-atencion-plena-mujer-borrosa-al-aire-libre-1024x683.jpg 1024w, https:\/\/cuida-pro.com\/wp-content\/uploads\/2023\/12\/concepto-atencion-plena-mujer-borrosa-al-aire-libre-768x512.jpg 768w, https:\/\/cuida-pro.com\/wp-content\/uploads\/2023\/12\/concepto-atencion-plena-mujer-borrosa-al-aire-libre-1536x1024.jpg 1536w, https:\/\/cuida-pro.com\/wp-content\/uploads\/2023\/12\/concepto-atencion-plena-mujer-borrosa-al-aire-libre-2048x1365.jpg 2048w\" sizes=\"(max-width: 300px) 100vw, 300px\" \/><\/div>\n\t\t<\/a>\n\t\t\t\t<div class=\"elementor-post__text\">\n\t\t\t\t<h3 class=\"elementor-post__title\">\n\t\t\t<a href=\"https:\/\/cuida-pro.com\/?p=232\" >\n\t\t\t\tPer qu\u00e8 escollir CuidaPro?\t\t\t<\/a>\n\t\t<\/h3>\n\t\t\t\t<div class=\"elementor-post__meta-data\">\n\t\t\t\t\t<span class=\"elementor-post-date\">\n\t\t\tdiciembre 5, 2023\t\t<\/span>\n\t\t\t\t<\/div>\n\t\t\t\t<div class=\"elementor-post__excerpt\">\n\t\t\t<p>CuidaPro<\/p>\n\t\t<\/div>\n\t\t\n\t\t<a class=\"elementor-post__read-more\" href=\"https:\/\/cuida-pro.com\/?p=232\" aria-label=\"Read more about Per qu\u00e8 escollir CuidaPro?\" tabindex=\"-1\" >\n\t\t\tLlegir m\u00e9s \u00bb\t\t<\/a>\n\n\t\t\t\t<\/div>\n\t\t\t\t<\/article>\n\t\t\t\t<\/div>\n\t\t\n\t\t\t\t\t\t<\/div>\n\t\t\t\t<\/div>\n\t\t\t\t\t<\/div>\n\t\t\t\t<\/div>\n\t\t\t\t<\/div>\n\t\t","protected":false},"excerpt":{"rendered":"<p>Blog A CuidaPro estem compromesos amb oferir el millor servei de cura i benestar de la gent gran. En aquest espai compartirem temes importants per a aquells que necessitin brindar la millor cura als seus sers estimats.<\/p>\n","protected":false},"author":1,"featured_media":0,"parent":0,"menu_order":4,"comment_status":"closed","ping_status":"closed","template":"elementor_header_footer","meta":{"_eb_attr":"","footnotes":""},"class_list":["post-278","page","type-page","status-publish","hentry"],"yoast_head":"<!-- This site is optimized with the Yoast SEO plugin v27.4 - https:\/\/yoast.com\/product\/yoast-seo-wordpress\/ -->\n<title>Blog - Cuida Pro<\/title>\n<meta name=\"description\" content=\"Descobreix en el nostre blog com brindem atenci\u00f3 dedicada i de qualitat a trav\u00e9s de la nostra aplicaci\u00f3 de contacte disponible les 24 hores.\" \/>\n<meta name=\"robots\" content=\"index, follow, max-snippet:-1, max-image-preview:large, max-video-preview:-1\" \/>\n<link rel=\"canonical\" href=\"https:\/\/cuida-pro.com\/?page_id=278\" \/>\n<meta property=\"og:locale\" content=\"es_ES\" \/>\n<meta property=\"og:type\" content=\"article\" \/>\n<meta property=\"og:title\" content=\"Blog - Cuida Pro\" \/>\n<meta property=\"og:description\" content=\"Descobreix en el nostre blog com brindem atenci\u00f3 dedicada i de qualitat a trav\u00e9s de la nostra aplicaci\u00f3 de contacte disponible les 24 hores.\" \/>\n<meta property=\"og:url\" content=\"https:\/\/cuida-pro.com\/?page_id=278\" \/>\n<meta property=\"og:site_name\" content=\"Cuidadores de persones grans - Cuida Pro\" \/>\n<meta property=\"article:publisher\" content=\"https:\/\/www.facebook.com\/profile.php?id=1000713764651040\" \/>\n<meta property=\"article:modified_time\" content=\"2023-12-11T08:14:26+00:00\" \/>\n<meta name=\"twitter:card\" content=\"summary_large_image\" \/>\n<meta name=\"twitter:label1\" content=\"Tiempo de lectura\" \/>\n\t<meta name=\"twitter:data1\" content=\"1 minuto\" \/>\n<script type=\"application\/ld+json\" class=\"yoast-schema-graph\">{\"@context\":\"https:\\\/\\\/schema.org\",\"@graph\":[{\"@type\":\"WebPage\",\"@id\":\"https:\\\/\\\/cuida-pro.com\\\/?page_id=278\",\"url\":\"https:\\\/\\\/cuida-pro.com\\\/?page_id=278\",\"name\":\"Blog - Cuida Pro\",\"isPartOf\":{\"@id\":\"https:\\\/\\\/cuida-pro.com\\\/#website\"},\"datePublished\":\"2023-12-05T17:07:04+00:00\",\"dateModified\":\"2023-12-11T08:14:26+00:00\",\"description\":\"Descobreix en el nostre blog com brindem atenci\u00f3 dedicada i de qualitat a trav\u00e9s de la nostra aplicaci\u00f3 de contacte disponible les 24 hores.\",\"breadcrumb\":{\"@id\":\"https:\\\/\\\/cuida-pro.com\\\/?page_id=278#breadcrumb\"},\"inLanguage\":\"es\",\"potentialAction\":[{\"@type\":\"ReadAction\",\"target\":[\"https:\\\/\\\/cuida-pro.com\\\/?page_id=278\"]}]},{\"@type\":\"BreadcrumbList\",\"@id\":\"https:\\\/\\\/cuida-pro.com\\\/?page_id=278#breadcrumb\",\"itemListElement\":[{\"@type\":\"ListItem\",\"position\":1,\"name\":\"Portada\",\"item\":\"https:\\\/\\\/cuida-pro.com\\\/\"},{\"@type\":\"ListItem\",\"position\":2,\"name\":\"Blog\"}]},{\"@type\":\"WebSite\",\"@id\":\"https:\\\/\\\/cuida-pro.com\\\/#website\",\"url\":\"https:\\\/\\\/cuida-pro.com\\\/\",\"name\":\"Cuidadores de persones grans - Cuida Pro\",\"description\":\"Cuidadores de persones grans i ancians a domicili. Disposem dels millors professionals per a la cura de majors. Atenci\u00f3 24 Hores. Cuida Pro\",\"publisher\":{\"@id\":\"https:\\\/\\\/cuida-pro.com\\\/#organization\"},\"potentialAction\":[{\"@type\":\"SearchAction\",\"target\":{\"@type\":\"EntryPoint\",\"urlTemplate\":\"https:\\\/\\\/cuida-pro.com\\\/?s={search_term_string}\"},\"query-input\":{\"@type\":\"PropertyValueSpecification\",\"valueRequired\":true,\"valueName\":\"search_term_string\"}}],\"inLanguage\":\"es\"},{\"@type\":\"Organization\",\"@id\":\"https:\\\/\\\/cuida-pro.com\\\/#organization\",\"name\":\"Cuidadores de persones grans - Cuida Pro\",\"url\":\"https:\\\/\\\/cuida-pro.com\\\/\",\"logo\":{\"@type\":\"ImageObject\",\"inLanguage\":\"es\",\"@id\":\"https:\\\/\\\/cuida-pro.com\\\/#\\\/schema\\\/logo\\\/image\\\/\",\"url\":\"https:\\\/\\\/angry-germain.93-93-118-239.plesk.page\\\/wp-content\\\/uploads\\\/2023\\\/12\\\/Cuidapro_eslogan_negatiu-1024x442-1.png\",\"contentUrl\":\"https:\\\/\\\/angry-germain.93-93-118-239.plesk.page\\\/wp-content\\\/uploads\\\/2023\\\/12\\\/Cuidapro_eslogan_negatiu-1024x442-1.png\",\"width\":1024,\"height\":442,\"caption\":\"Cuidadores de persones grans - Cuida Pro\"},\"image\":{\"@id\":\"https:\\\/\\\/cuida-pro.com\\\/#\\\/schema\\\/logo\\\/image\\\/\"},\"sameAs\":[\"https:\\\/\\\/www.facebook.com\\\/profile.php?id=1000713764651040\",\"http:\\\/\\\/www.linkedin.com\\\/company\\\/cuida-pro\\\/\",\"http:\\\/\\\/www.instagram.com\\\/cuida.pro\\\/\"]}]}<\/script>\n<!-- \/ Yoast SEO plugin. -->","yoast_head_json":{"title":"Blog - Cuida Pro","description":"Descobreix en el nostre blog com brindem atenci\u00f3 dedicada i de qualitat a trav\u00e9s de la nostra aplicaci\u00f3 de contacte disponible les 24 hores.","robots":{"index":"index","follow":"follow","max-snippet":"max-snippet:-1","max-image-preview":"max-image-preview:large","max-video-preview":"max-video-preview:-1"},"canonical":"https:\/\/cuida-pro.com\/?page_id=278","og_locale":"es_ES","og_type":"article","og_title":"Blog - Cuida Pro","og_description":"Descobreix en el nostre blog com brindem atenci\u00f3 dedicada i de qualitat a trav\u00e9s de la nostra aplicaci\u00f3 de contacte disponible les 24 hores.","og_url":"https:\/\/cuida-pro.com\/?page_id=278","og_site_name":"Cuidadores de persones grans - Cuida Pro","article_publisher":"https:\/\/www.facebook.com\/profile.php?id=1000713764651040","article_modified_time":"2023-12-11T08:14:26+00:00","twitter_card":"summary_large_image","twitter_misc":{"Tiempo de lectura":"1 minuto"},"schema":{"@context":"https:\/\/schema.org","@graph":[{"@type":"WebPage","@id":"https:\/\/cuida-pro.com\/?page_id=278","url":"https:\/\/cuida-pro.com\/?page_id=278","name":"Blog - Cuida Pro","isPartOf":{"@id":"https:\/\/cuida-pro.com\/#website"},"datePublished":"2023-12-05T17:07:04+00:00","dateModified":"2023-12-11T08:14:26+00:00","description":"Descobreix en el nostre blog com brindem atenci\u00f3 dedicada i de qualitat a trav\u00e9s de la nostra aplicaci\u00f3 de contacte disponible les 24 hores.","breadcrumb":{"@id":"https:\/\/cuida-pro.com\/?page_id=278#breadcrumb"},"inLanguage":"es","potentialAction":[{"@type":"ReadAction","target":["https:\/\/cuida-pro.com\/?page_id=278"]}]},{"@type":"BreadcrumbList","@id":"https:\/\/cuida-pro.com\/?page_id=278#breadcrumb","itemListElement":[{"@type":"ListItem","position":1,"name":"Portada","item":"https:\/\/cuida-pro.com\/"},{"@type":"ListItem","position":2,"name":"Blog"}]},{"@type":"WebSite","@id":"https:\/\/cuida-pro.com\/#website","url":"https:\/\/cuida-pro.com\/","name":"Cuidadores de persones grans - Cuida Pro","description":"Cuidadores de persones grans i ancians a domicili. Disposem dels millors professionals per a la cura de majors. Atenci\u00f3 24 Hores. Cuida Pro","publisher":{"@id":"https:\/\/cuida-pro.com\/#organization"},"potentialAction":[{"@type":"SearchAction","target":{"@type":"EntryPoint","urlTemplate":"https:\/\/cuida-pro.com\/?s={search_term_string}"},"query-input":{"@type":"PropertyValueSpecification","valueRequired":true,"valueName":"search_term_string"}}],"inLanguage":"es"},{"@type":"Organization","@id":"https:\/\/cuida-pro.com\/#organization","name":"Cuidadores de persones grans - Cuida Pro","url":"https:\/\/cuida-pro.com\/","logo":{"@type":"ImageObject","inLanguage":"es","@id":"https:\/\/cuida-pro.com\/#\/schema\/logo\/image\/","url":"https:\/\/angry-germain.93-93-118-239.plesk.page\/wp-content\/uploads\/2023\/12\/Cuidapro_eslogan_negatiu-1024x442-1.png","contentUrl":"https:\/\/angry-germain.93-93-118-239.plesk.page\/wp-content\/uploads\/2023\/12\/Cuidapro_eslogan_negatiu-1024x442-1.png","width":1024,"height":442,"caption":"Cuidadores de persones grans - Cuida Pro"},"image":{"@id":"https:\/\/cuida-pro.com\/#\/schema\/logo\/image\/"},"sameAs":["https:\/\/www.facebook.com\/profile.php?id=1000713764651040","http:\/\/www.linkedin.com\/company\/cuida-pro\/","http:\/\/www.instagram.com\/cuida.pro\/"]}]}},"_links":{"self":[{"href":"https:\/\/cuida-pro.com\/index.php?rest_route=\/wp\/v2\/pages\/278","targetHints":{"allow":["GET"]}}],"collection":[{"href":"https:\/\/cuida-pro.com\/index.php?rest_route=\/wp\/v2\/pages"}],"about":[{"href":"https:\/\/cuida-pro.com\/index.php?rest_route=\/wp\/v2\/types\/page"}],"author":[{"embeddable":true,"href":"https:\/\/cuida-pro.com\/index.php?rest_route=\/wp\/v2\/users\/1"}],"replies":[{"embeddable":true,"href":"https:\/\/cuida-pro.com\/index.php?rest_route=%2Fwp%2Fv2%2Fcomments&post=278"}],"version-history":[{"count":62,"href":"https:\/\/cuida-pro.com\/index.php?rest_route=\/wp\/v2\/pages\/278\/revisions"}],"predecessor-version":[{"id":935,"href":"https:\/\/cuida-pro.com\/index.php?rest_route=\/wp\/v2\/pages\/278\/revisions\/935"}],"wp:attachment":[{"href":"https:\/\/cuida-pro.com\/index.php?rest_route=%2Fwp%2Fv2%2Fmedia&parent=278"}],"curies":[{"name":"wp","href":"https:\/\/api.w.org\/{rel}","templated":true}]}}