{"id":17,"date":"2023-12-03T21:47:53","date_gmt":"2023-12-03T21:47:53","guid":{"rendered":"https:\/\/angry-germain.93-93-118-239.plesk.page\/?page_id=17"},"modified":"2025-08-27T18:02:37","modified_gmt":"2025-08-27T16:02:37","slug":"treballa","status":"publish","type":"page","link":"https:\/\/cuida-pro.com\/?page_id=17","title":{"rendered":"Busques feina"},"content":{"rendered":"\t\t<div data-elementor-type=\"wp-page\" data-elementor-id=\"17\" class=\"elementor elementor-17\" data-elementor-post-type=\"page\">\n\t\t\t\t<div class=\"elementor-element elementor-element-02b08c8 e-flex e-con-boxed e-con e-parent\" data-id=\"02b08c8\" data-element_type=\"container\" data-e-type=\"container\">\n\t\t\t\t\t<div class=\"e-con-inner\">\n\t\t<div class=\"elementor-element elementor-element-1ef9914 e-con-full e-flex e-con e-child\" data-id=\"1ef9914\" data-element_type=\"container\" data-e-type=\"container\">\n\t\t\t\t<div class=\"elementor-element elementor-element-021dc63 elementor-widget elementor-widget-image\" data-id=\"021dc63\" data-element_type=\"widget\" data-e-type=\"widget\" data-widget_type=\"image.default\">\n\t\t\t\t<div class=\"elementor-widget-container\">\n\t\t\t\t\t\t\t\t\t\t\t\t\t\t\t<img fetchpriority=\"high\" decoding=\"async\" width=\"700\" height=\"552\" src=\"https:\/\/cuida-pro.com\/wp-content\/uploads\/2023\/12\/medium-shot-old-woman-and-nurse-holding-hands.png\" class=\"attachment-large size-large wp-image-206\" alt=\"\" srcset=\"https:\/\/cuida-pro.com\/wp-content\/uploads\/2023\/12\/medium-shot-old-woman-and-nurse-holding-hands.png 700w, https:\/\/cuida-pro.com\/wp-content\/uploads\/2023\/12\/medium-shot-old-woman-and-nurse-holding-hands-300x237.png 300w\" sizes=\"(max-width: 700px) 100vw, 700px\" \/>\t\t\t\t\t\t\t\t\t\t\t\t\t\t\t<\/div>\n\t\t\t\t<\/div>\n\t\t\t\t<\/div>\n\t\t<div class=\"elementor-element elementor-element-07c4e63 e-con-full e-flex e-con e-child\" data-id=\"07c4e63\" data-element_type=\"container\" data-e-type=\"container\">\n\t\t\t\t<div class=\"elementor-element elementor-element-91fd2d2 elementor-widget elementor-widget-heading\" data-id=\"91fd2d2\" data-element_type=\"widget\" data-e-type=\"widget\" data-widget_type=\"heading.default\">\n\t\t\t\t<div class=\"elementor-widget-container\">\n\t\t\t\t\t<h1 class=\"elementor-heading-title elementor-size-default\">Busques feina?<\/h1>\t\t\t\t<\/div>\n\t\t\t\t<\/div>\n\t\t\t\t<div class=\"elementor-element elementor-element-f8089cd elementor-widget elementor-widget-text-editor\" data-id=\"f8089cd\" data-element_type=\"widget\" data-e-type=\"widget\" data-widget_type=\"text-editor.default\">\n\t\t\t\t<div class=\"elementor-widget-container\">\n\t\t\t\t\t\t\t\t\t<p>A Cuida Pro cerquem cuidadors i cuidadores per cuidar a les persones grans amb experi\u00e8ncia demostrable en el sector i que tinguin vocaci\u00f3 per ajudar als altres.<\/p>\t\t\t\t\t\t\t\t<\/div>\n\t\t\t\t<\/div>\n\t\t\t\t<div class=\"elementor-element elementor-element-bb9f89a elementor-widget elementor-widget-button\" data-id=\"bb9f89a\" data-element_type=\"widget\" data-e-type=\"widget\" data-widget_type=\"button.default\">\n\t\t\t\t<div class=\"elementor-widget-container\">\n\t\t\t\t\t\t\t\t\t<div class=\"elementor-button-wrapper\">\n\t\t\t\t\t<a class=\"elementor-button elementor-button-link elementor-size-md\" href=\"#info\">\n\t\t\t\t\t\t<span class=\"elementor-button-content-wrapper\">\n\t\t\t\t\t\t\t\t\t<span class=\"elementor-button-text\">Sol\u00b7licita informaci\u00f3<\/span>\n\t\t\t\t\t<\/span>\n\t\t\t\t\t<\/a>\n\t\t\t\t<\/div>\n\t\t\t\t\t\t\t\t<\/div>\n\t\t\t\t<\/div>\n\t\t\t\t<\/div>\n\t\t\t\t\t<\/div>\n\t\t\t\t<\/div>\n\t\t<div class=\"elementor-element elementor-element-9095fbd e-flex e-con-boxed e-con e-parent\" data-id=\"9095fbd\" data-element_type=\"container\" data-e-type=\"container\" data-settings=\"{&quot;background_background&quot;:&quot;classic&quot;}\">\n\t\t\t\t\t<div class=\"e-con-inner\">\n\t\t\t\t<div class=\"elementor-element elementor-element-49cbc6c elementor-widget elementor-widget-heading\" data-id=\"49cbc6c\" data-element_type=\"widget\" data-e-type=\"widget\" data-widget_type=\"heading.default\">\n\t\t\t\t<div class=\"elementor-widget-container\">\n\t\t\t\t\t<h2 class=\"elementor-heading-title elementor-size-default\"><span style=\"font-size:0.5em!important\">COM TREBALLEM\n<\/span><br>Comprom\u00eds amb les persones<\/h2>\t\t\t\t<\/div>\n\t\t\t\t<\/div>\n\t\t\t\t\t<\/div>\n\t\t\t\t<\/div>\n\t\t<div class=\"elementor-element elementor-element-f8588c7 e-flex e-con-boxed e-con e-parent\" data-id=\"f8588c7\" data-element_type=\"container\" data-e-type=\"container\">\n\t\t\t\t\t<div class=\"e-con-inner\">\n\t\t<div class=\"elementor-element elementor-element-b08d754 e-con-full e-flex e-con e-child\" data-id=\"b08d754\" data-element_type=\"container\" data-e-type=\"container\">\n\t\t\t\t<div class=\"elementor-element elementor-element-04c9369 elementor-widget elementor-widget-text-editor\" data-id=\"04c9369\" data-element_type=\"widget\" data-e-type=\"widget\" data-widget_type=\"text-editor.default\">\n\t\t\t\t<div class=\"elementor-widget-container\">\n\t\t\t\t\t\t\t\t\t<p>\u00c9s de gran import\u00e0ncia per a la nostra empresa garantir el benestar de les persones d&#8217;edat avan\u00e7ada. Cada dia ens esforcem al m\u00e0xim per suplir les seves necessitats i utilitzem tot el que est\u00e0 a les nostres mans per garantir-ho. Per aix\u00f2 fiquem per damunt de tot a les persones oferint serveis respectuosos, humanitaris i professionals.<\/p>\t\t\t\t\t\t\t\t<\/div>\n\t\t\t\t<\/div>\n\t\t\t\t<\/div>\n\t\t<div class=\"elementor-element elementor-element-f28dfc8 e-con-full e-flex e-con e-child\" data-id=\"f28dfc8\" data-element_type=\"container\" data-e-type=\"container\">\n\t\t\t\t<div class=\"elementor-element elementor-element-9de742d elementor-widget__width-initial elementor-widget elementor-widget-image\" data-id=\"9de742d\" data-element_type=\"widget\" data-e-type=\"widget\" data-widget_type=\"image.default\">\n\t\t\t\t<div class=\"elementor-widget-container\">\n\t\t\t\t\t\t\t\t\t\t\t\t\t\t\t<img decoding=\"async\" width=\"571\" height=\"500\" src=\"https:\/\/cuida-pro.com\/wp-content\/uploads\/2023\/12\/15278660_xl-1.png\" class=\"attachment-large size-large wp-image-210\" alt=\"\" srcset=\"https:\/\/cuida-pro.com\/wp-content\/uploads\/2023\/12\/15278660_xl-1.png 571w, https:\/\/cuida-pro.com\/wp-content\/uploads\/2023\/12\/15278660_xl-1-300x263.png 300w\" sizes=\"(max-width: 571px) 100vw, 571px\" \/>\t\t\t\t\t\t\t\t\t\t\t\t\t\t\t<\/div>\n\t\t\t\t<\/div>\n\t\t\t\t<\/div>\n\t\t\t\t\t<\/div>\n\t\t\t\t<\/div>\n\t\t<div class=\"elementor-element elementor-element-2d241d9c e-flex e-con-boxed e-con e-parent\" data-id=\"2d241d9c\" data-element_type=\"container\" data-e-type=\"container\" id=\"info\">\n\t\t\t\t\t<div class=\"e-con-inner\">\n\t\t<div class=\"elementor-element elementor-element-32b305c0 e-con-full e-flex e-con e-child\" data-id=\"32b305c0\" data-element_type=\"container\" data-e-type=\"container\">\n\t\t\t\t<div class=\"elementor-element elementor-element-1f58d7bd elementor-widget elementor-widget-heading\" data-id=\"1f58d7bd\" data-element_type=\"widget\" data-e-type=\"widget\" data-widget_type=\"heading.default\">\n\t\t\t\t<div class=\"elementor-widget-container\">\n\t\t\t\t\t<h2 class=\"elementor-heading-title elementor-size-default\">Inscriu-te a la nostra borsa de treball\n\n<\/h2>\t\t\t\t<\/div>\n\t\t\t\t<\/div>\n\t\t\t\t<div class=\"elementor-element elementor-element-69f60b4 elementor-widget elementor-widget-text-editor\" data-id=\"69f60b4\" data-element_type=\"widget\" data-e-type=\"widget\" data-widget_type=\"text-editor.default\">\n\t\t\t\t<div class=\"elementor-widget-container\">\n\t\t\t\t\t\t\t\t\t<p>El procediment es realitzar\u00e0 despr\u00e9s del primer contacte.<\/p>\t\t\t\t\t\t\t\t<\/div>\n\t\t\t\t<\/div>\n\t\t\t\t<\/div>\n\t\t<div class=\"elementor-element elementor-element-4f0c69c e-con-full e-flex e-con e-child\" data-id=\"4f0c69c\" data-element_type=\"container\" data-e-type=\"container\" data-settings=\"{&quot;background_background&quot;:&quot;classic&quot;}\">\n\t\t\t\t<div class=\"elementor-element elementor-element-f2b15e3 elementor-button-align-stretch elementor-widget elementor-widget-form\" data-id=\"f2b15e3\" data-element_type=\"widget\" data-e-type=\"widget\" data-settings=\"{&quot;step_next_label&quot;:&quot;Next&quot;,&quot;step_previous_label&quot;:&quot;Previous&quot;,&quot;button_width&quot;:&quot;100&quot;,&quot;step_type&quot;:&quot;number_text&quot;,&quot;step_icon_shape&quot;:&quot;circle&quot;}\" data-widget_type=\"form.default\">\n\t\t\t\t<div class=\"elementor-widget-container\">\n\t\t\t\t\t\t\t<form class=\"elementor-form\" method=\"post\" name=\"New Form\" aria-label=\"New Form\">\n\t\t\t<input type=\"hidden\" name=\"post_id\" value=\"17\"\/>\n\t\t\t<input type=\"hidden\" name=\"form_id\" value=\"f2b15e3\"\/>\n\t\t\t<input type=\"hidden\" name=\"referer_title\" value=\"Cerquem cuidadores - Cuida Pro\" \/>\n\n\t\t\t\t\t\t\t<input type=\"hidden\" name=\"queried_id\" value=\"17\"\/>\n\t\t\t\n\t\t\t<div class=\"elementor-form-fields-wrapper elementor-labels-\">\n\t\t\t\t\t\t\t\t<div class=\"elementor-field-type-text elementor-field-group elementor-column elementor-field-group-name elementor-col-50\">\n\t\t\t\t\t\t\t\t\t\t\t\t<label for=\"form-field-name\" class=\"elementor-field-label elementor-screen-only\">\n\t\t\t\t\t\t\t\tEl teu nom*\t\t\t\t\t\t\t<\/label>\n\t\t\t\t\t\t\t\t\t\t\t\t\t\t<input size=\"1\" type=\"text\" name=\"form_fields[name]\" id=\"form-field-name\" class=\"elementor-field elementor-size-md  elementor-field-textual\" placeholder=\"El teu nom*\">\n\t\t\t\t\t\t\t\t\t\t\t<\/div>\n\t\t\t\t\t\t\t\t<div class=\"elementor-field-type-number elementor-field-group elementor-column elementor-field-group-field_634b9ff elementor-col-50\">\n\t\t\t\t\t\t\t\t\t\t\t\t<label for=\"form-field-field_634b9ff\" class=\"elementor-field-label elementor-screen-only\">\n\t\t\t\t\t\t\t\t Tel\u00e8fon*\t\t\t\t\t\t\t<\/label>\n\t\t\t\t\t\t\t\t\t<input type=\"number\" name=\"form_fields[field_634b9ff]\" id=\"form-field-field_634b9ff\" class=\"elementor-field elementor-size-md  elementor-field-textual\" placeholder=\" Tel\u00e8fon*\" min=\"\" max=\"\" >\n\t\t\t\t\t\t<\/div>\n\t\t\t\t\t\t\t\t<div class=\"elementor-field-type-text elementor-field-group elementor-column elementor-field-group-field_48b3339 elementor-col-50\">\n\t\t\t\t\t\t\t\t\t\t\t\t<label for=\"form-field-field_48b3339\" class=\"elementor-field-label elementor-screen-only\">\n\t\t\t\t\t\t\t\tA on?*\t\t\t\t\t\t\t<\/label>\n\t\t\t\t\t\t\t\t\t\t\t\t\t\t<input size=\"1\" type=\"text\" name=\"form_fields[field_48b3339]\" id=\"form-field-field_48b3339\" class=\"elementor-field elementor-size-md  elementor-field-textual\" placeholder=\"A on?*\">\n\t\t\t\t\t\t\t\t\t\t\t<\/div>\n\t\t\t\t\t\t\t\t<div class=\"elementor-field-type-email elementor-field-group elementor-column elementor-field-group-email elementor-col-50 elementor-field-required\">\n\t\t\t\t\t\t\t\t\t\t\t\t<label for=\"form-field-email\" class=\"elementor-field-label elementor-screen-only\">\n\t\t\t\t\t\t\t\tEmail\t\t\t\t\t\t\t<\/label>\n\t\t\t\t\t\t\t\t\t\t\t\t\t\t<input size=\"1\" type=\"email\" name=\"form_fields[email]\" id=\"form-field-email\" class=\"elementor-field elementor-size-md  elementor-field-textual\" placeholder=\"Email\" required=\"required\">\n\t\t\t\t\t\t\t\t\t\t\t<\/div>\n\t\t\t\t\t\t\t\t<div class=\"elementor-field-type-text elementor-field-group elementor-column elementor-field-group-field_5732454 elementor-col-50 elementor-field-required\">\n\t\t\t\t\t\t\t\t\t\t\t\t<label for=\"form-field-field_5732454\" class=\"elementor-field-label elementor-screen-only\">\n\t\t\t\t\t\t\t\tExperi\u00e8ncia\t\t\t\t\t\t\t<\/label>\n\t\t\t\t\t\t\t\t\t\t\t\t\t\t<input size=\"1\" type=\"text\" name=\"form_fields[field_5732454]\" id=\"form-field-field_5732454\" class=\"elementor-field elementor-size-md  elementor-field-textual\" placeholder=\"Experi\u00e8ncia\" required=\"required\">\n\t\t\t\t\t\t\t\t\t\t\t<\/div>\n\t\t\t\t\t\t\t\t<div class=\"elementor-field-type-text elementor-field-group elementor-column elementor-field-group-field_1062fd5 elementor-col-50 elementor-field-required\">\n\t\t\t\t\t\t\t\t\t\t\t\t<label for=\"form-field-field_1062fd5\" class=\"elementor-field-label elementor-screen-only\">\n\t\t\t\t\t\t\t\tFormaci\u00f3\t\t\t\t\t\t\t<\/label>\n\t\t\t\t\t\t\t\t\t\t\t\t\t\t<input size=\"1\" type=\"text\" name=\"form_fields[field_1062fd5]\" id=\"form-field-field_1062fd5\" class=\"elementor-field elementor-size-md  elementor-field-textual\" placeholder=\"Formaci\u00f3\" required=\"required\">\n\t\t\t\t\t\t\t\t\t\t\t<\/div>\n\t\t\t\t\t\t\t\t<div class=\"elementor-field-type-upload elementor-field-group elementor-column elementor-field-group-field_9e58fac elementor-col-50 elementor-field-required\">\n\t\t\t\t\t\t\t\t\t\t\t\t<label for=\"form-field-field_9e58fac\" class=\"elementor-field-label elementor-screen-only\">\n\t\t\t\t\t\t\t\tAdjunta CV\t\t\t\t\t\t\t<\/label>\n\t\t\t\t\t\t\t\t<input type=\"file\" name=\"form_fields[field_9e58fac]\" id=\"form-field-field_9e58fac\" class=\"elementor-field elementor-size-md  elementor-upload-field\" required=\"required\">\n\n\t\t\t\t\t\t<\/div>\n\t\t\t\t\t\t\t\t<div class=\"elementor-field-type-checkbox elementor-field-group elementor-column elementor-field-group-field_1e4ee13 elementor-col-100\">\n\t\t\t\t\t\t\t\t\t\t\t\t<label for=\"form-field-field_1e4ee13\" class=\"elementor-field-label elementor-screen-only\">\n\t\t\t\t\t\t\t\t Accepto la pol\u00edtica de privacitat\t\t\t\t\t\t\t<\/label>\n\t\t\t\t\t\t<div class=\"elementor-field-subgroup  \"><span class=\"elementor-field-option\"><input type=\"checkbox\" value=\" Accepto la pol\u00edtica de privacitat\" id=\"form-field-field_1e4ee13-0\" name=\"form_fields[field_1e4ee13]\"> <label for=\"form-field-field_1e4ee13-0\"> Accepto la pol\u00edtica de privacitat<\/label><\/span><\/div>\t\t\t\t<\/div>\n\t\t\t\t\t\t\t\t<div class=\"elementor-field-type-recaptcha elementor-field-group elementor-column elementor-field-group-field_e903f00 elementor-col-100\">\n\t\t\t\t\t<div class=\"elementor-field\" id=\"form-field-field_e903f00\"><div class=\"elementor-g-recaptcha\" data-sitekey=\"6LdTtrQrAAAAAOEYNUZjNGFIH_d-gyT2poc62Sny\" data-type=\"v2_checkbox\" data-theme=\"light\" data-size=\"normal\"><\/div><\/div>\t\t\t\t<\/div>\n\t\t\t\t\t\t\t\t<div class=\"elementor-field-group elementor-column elementor-field-type-submit elementor-col-100 e-form__buttons\">\n\t\t\t\t\t<button class=\"elementor-button elementor-size-sm\" type=\"submit\">\n\t\t\t\t\t\t<span class=\"elementor-button-content-wrapper\">\n\t\t\t\t\t\t\t\t\t\t\t\t\t\t\t\t\t\t\t\t\t\t<span class=\"elementor-button-text\">Enviar<\/span>\n\t\t\t\t\t\t\t\t\t\t\t\t\t<\/span>\n\t\t\t\t\t<\/button>\n\t\t\t\t<\/div>\n\t\t\t<\/div>\n\t\t<\/form>\n\t\t\t\t\t\t<\/div>\n\t\t\t\t<\/div>\n\t\t\t\t<\/div>\n\t\t\t\t\t<\/div>\n\t\t\t\t<\/div>\n\t\t\t\t<\/div>\n\t\t","protected":false},"excerpt":{"rendered":"<p>Busques feina? A Cuida Pro cerquem cuidadors i cuidadores per cuidar a les persones grans amb experi\u00e8ncia demostrable en el sector i que tinguin vocaci\u00f3 per ajudar als altres. Sol\u00b7licita informaci\u00f3 COM TREBALLEM Comprom\u00eds amb les persones \u00c9s de gran import\u00e0ncia per a la nostra empresa garantir el benestar de les persones d&#8217;edat avan\u00e7ada. Cada [&hellip;]<\/p>\n","protected":false},"author":1,"featured_media":206,"parent":0,"menu_order":6,"comment_status":"closed","ping_status":"closed","template":"elementor_header_footer","meta":{"_eb_attr":"","footnotes":""},"class_list":["post-17","page","type-page","status-publish","has-post-thumbnail","hentry"],"yoast_head":"<!-- This site is optimized with the Yoast SEO plugin v27.4 - https:\/\/yoast.com\/product\/yoast-seo-wordpress\/ -->\n<title>Cerquem cuidadores - Cuida Pro<\/title>\n<meta name=\"description\" content=\"Cerquem cuidadores per treballar amb nosaltres i cuidar persones grans amb experi\u00e8ncia demostrable, que tinguin vocaci\u00f3 per ajudar als altres.\" \/>\n<meta name=\"robots\" content=\"index, follow, max-snippet:-1, max-image-preview:large, max-video-preview:-1\" \/>\n<link rel=\"canonical\" href=\"https:\/\/cuida-pro.com\/?page_id=17\" \/>\n<meta property=\"og:locale\" content=\"es_ES\" \/>\n<meta property=\"og:type\" content=\"article\" \/>\n<meta property=\"og:title\" content=\"Cerquem cuidadores - Cuida Pro\" \/>\n<meta property=\"og:description\" content=\"Cerquem cuidadores per treballar amb nosaltres i cuidar persones grans amb experi\u00e8ncia demostrable, que tinguin vocaci\u00f3 per ajudar als altres.\" \/>\n<meta property=\"og:url\" content=\"https:\/\/cuida-pro.com\/?page_id=17\" \/>\n<meta property=\"og:site_name\" content=\"Cuidadores de persones grans - Cuida Pro\" \/>\n<meta property=\"article:publisher\" content=\"https:\/\/www.facebook.com\/profile.php?id=1000713764651040\" \/>\n<meta property=\"article:modified_time\" content=\"2025-08-27T16:02:37+00:00\" \/>\n<meta property=\"og:image\" content=\"https:\/\/cuida-pro.com\/wp-content\/uploads\/2023\/12\/medium-shot-old-woman-and-nurse-holding-hands.png\" \/>\n\t<meta property=\"og:image:width\" content=\"700\" \/>\n\t<meta property=\"og:image:height\" content=\"552\" \/>\n\t<meta property=\"og:image:type\" content=\"image\/png\" \/>\n<meta name=\"twitter:card\" content=\"summary_large_image\" \/>\n<meta name=\"twitter:label1\" content=\"Tiempo de lectura\" \/>\n\t<meta name=\"twitter:data1\" content=\"1 minuto\" \/>\n<script type=\"application\/ld+json\" class=\"yoast-schema-graph\">{\"@context\":\"https:\\\/\\\/schema.org\",\"@graph\":[{\"@type\":\"WebPage\",\"@id\":\"https:\\\/\\\/cuida-pro.com\\\/?page_id=17\",\"url\":\"https:\\\/\\\/cuida-pro.com\\\/?page_id=17\",\"name\":\"Cerquem cuidadores - Cuida Pro\",\"isPartOf\":{\"@id\":\"https:\\\/\\\/cuida-pro.com\\\/#website\"},\"primaryImageOfPage\":{\"@id\":\"https:\\\/\\\/cuida-pro.com\\\/?page_id=17#primaryimage\"},\"image\":{\"@id\":\"https:\\\/\\\/cuida-pro.com\\\/?page_id=17#primaryimage\"},\"thumbnailUrl\":\"https:\\\/\\\/cuida-pro.com\\\/wp-content\\\/uploads\\\/2023\\\/12\\\/medium-shot-old-woman-and-nurse-holding-hands.png\",\"datePublished\":\"2023-12-03T21:47:53+00:00\",\"dateModified\":\"2025-08-27T16:02:37+00:00\",\"description\":\"Cerquem cuidadores per treballar amb nosaltres i cuidar persones grans amb experi\u00e8ncia demostrable, que tinguin vocaci\u00f3 per ajudar als altres.\",\"breadcrumb\":{\"@id\":\"https:\\\/\\\/cuida-pro.com\\\/?page_id=17#breadcrumb\"},\"inLanguage\":\"es\",\"potentialAction\":[{\"@type\":\"ReadAction\",\"target\":[\"https:\\\/\\\/cuida-pro.com\\\/?page_id=17\"]}]},{\"@type\":\"ImageObject\",\"inLanguage\":\"es\",\"@id\":\"https:\\\/\\\/cuida-pro.com\\\/?page_id=17#primaryimage\",\"url\":\"https:\\\/\\\/cuida-pro.com\\\/wp-content\\\/uploads\\\/2023\\\/12\\\/medium-shot-old-woman-and-nurse-holding-hands.png\",\"contentUrl\":\"https:\\\/\\\/cuida-pro.com\\\/wp-content\\\/uploads\\\/2023\\\/12\\\/medium-shot-old-woman-and-nurse-holding-hands.png\",\"width\":700,\"height\":552},{\"@type\":\"BreadcrumbList\",\"@id\":\"https:\\\/\\\/cuida-pro.com\\\/?page_id=17#breadcrumb\",\"itemListElement\":[{\"@type\":\"ListItem\",\"position\":1,\"name\":\"Portada\",\"item\":\"https:\\\/\\\/cuida-pro.com\\\/\"},{\"@type\":\"ListItem\",\"position\":2,\"name\":\"Busques feina\"}]},{\"@type\":\"WebSite\",\"@id\":\"https:\\\/\\\/cuida-pro.com\\\/#website\",\"url\":\"https:\\\/\\\/cuida-pro.com\\\/\",\"name\":\"Cuidadores de persones grans - Cuida Pro\",\"description\":\"Cuidadores de persones grans i ancians a domicili. Disposem dels millors professionals per a la cura de majors. Atenci\u00f3 24 Hores. Cuida Pro\",\"publisher\":{\"@id\":\"https:\\\/\\\/cuida-pro.com\\\/#organization\"},\"potentialAction\":[{\"@type\":\"SearchAction\",\"target\":{\"@type\":\"EntryPoint\",\"urlTemplate\":\"https:\\\/\\\/cuida-pro.com\\\/?s={search_term_string}\"},\"query-input\":{\"@type\":\"PropertyValueSpecification\",\"valueRequired\":true,\"valueName\":\"search_term_string\"}}],\"inLanguage\":\"es\"},{\"@type\":\"Organization\",\"@id\":\"https:\\\/\\\/cuida-pro.com\\\/#organization\",\"name\":\"Cuidadores de persones grans - Cuida Pro\",\"url\":\"https:\\\/\\\/cuida-pro.com\\\/\",\"logo\":{\"@type\":\"ImageObject\",\"inLanguage\":\"es\",\"@id\":\"https:\\\/\\\/cuida-pro.com\\\/#\\\/schema\\\/logo\\\/image\\\/\",\"url\":\"https:\\\/\\\/angry-germain.93-93-118-239.plesk.page\\\/wp-content\\\/uploads\\\/2023\\\/12\\\/Cuidapro_eslogan_negatiu-1024x442-1.png\",\"contentUrl\":\"https:\\\/\\\/angry-germain.93-93-118-239.plesk.page\\\/wp-content\\\/uploads\\\/2023\\\/12\\\/Cuidapro_eslogan_negatiu-1024x442-1.png\",\"width\":1024,\"height\":442,\"caption\":\"Cuidadores de persones grans - Cuida Pro\"},\"image\":{\"@id\":\"https:\\\/\\\/cuida-pro.com\\\/#\\\/schema\\\/logo\\\/image\\\/\"},\"sameAs\":[\"https:\\\/\\\/www.facebook.com\\\/profile.php?id=1000713764651040\",\"http:\\\/\\\/www.linkedin.com\\\/company\\\/cuida-pro\\\/\",\"http:\\\/\\\/www.instagram.com\\\/cuida.pro\\\/\"]}]}<\/script>\n<!-- \/ Yoast SEO plugin. -->","yoast_head_json":{"title":"Cerquem cuidadores - Cuida Pro","description":"Cerquem cuidadores per treballar amb nosaltres i cuidar persones grans amb experi\u00e8ncia demostrable, que tinguin vocaci\u00f3 per ajudar als altres.","robots":{"index":"index","follow":"follow","max-snippet":"max-snippet:-1","max-image-preview":"max-image-preview:large","max-video-preview":"max-video-preview:-1"},"canonical":"https:\/\/cuida-pro.com\/?page_id=17","og_locale":"es_ES","og_type":"article","og_title":"Cerquem cuidadores - Cuida Pro","og_description":"Cerquem cuidadores per treballar amb nosaltres i cuidar persones grans amb experi\u00e8ncia demostrable, que tinguin vocaci\u00f3 per ajudar als altres.","og_url":"https:\/\/cuida-pro.com\/?page_id=17","og_site_name":"Cuidadores de persones grans - Cuida Pro","article_publisher":"https:\/\/www.facebook.com\/profile.php?id=1000713764651040","article_modified_time":"2025-08-27T16:02:37+00:00","og_image":[{"width":700,"height":552,"url":"https:\/\/cuida-pro.com\/wp-content\/uploads\/2023\/12\/medium-shot-old-woman-and-nurse-holding-hands.png","type":"image\/png"}],"twitter_card":"summary_large_image","twitter_misc":{"Tiempo de lectura":"1 minuto"},"schema":{"@context":"https:\/\/schema.org","@graph":[{"@type":"WebPage","@id":"https:\/\/cuida-pro.com\/?page_id=17","url":"https:\/\/cuida-pro.com\/?page_id=17","name":"Cerquem cuidadores - Cuida Pro","isPartOf":{"@id":"https:\/\/cuida-pro.com\/#website"},"primaryImageOfPage":{"@id":"https:\/\/cuida-pro.com\/?page_id=17#primaryimage"},"image":{"@id":"https:\/\/cuida-pro.com\/?page_id=17#primaryimage"},"thumbnailUrl":"https:\/\/cuida-pro.com\/wp-content\/uploads\/2023\/12\/medium-shot-old-woman-and-nurse-holding-hands.png","datePublished":"2023-12-03T21:47:53+00:00","dateModified":"2025-08-27T16:02:37+00:00","description":"Cerquem cuidadores per treballar amb nosaltres i cuidar persones grans amb experi\u00e8ncia demostrable, que tinguin vocaci\u00f3 per ajudar als altres.","breadcrumb":{"@id":"https:\/\/cuida-pro.com\/?page_id=17#breadcrumb"},"inLanguage":"es","potentialAction":[{"@type":"ReadAction","target":["https:\/\/cuida-pro.com\/?page_id=17"]}]},{"@type":"ImageObject","inLanguage":"es","@id":"https:\/\/cuida-pro.com\/?page_id=17#primaryimage","url":"https:\/\/cuida-pro.com\/wp-content\/uploads\/2023\/12\/medium-shot-old-woman-and-nurse-holding-hands.png","contentUrl":"https:\/\/cuida-pro.com\/wp-content\/uploads\/2023\/12\/medium-shot-old-woman-and-nurse-holding-hands.png","width":700,"height":552},{"@type":"BreadcrumbList","@id":"https:\/\/cuida-pro.com\/?page_id=17#breadcrumb","itemListElement":[{"@type":"ListItem","position":1,"name":"Portada","item":"https:\/\/cuida-pro.com\/"},{"@type":"ListItem","position":2,"name":"Busques feina"}]},{"@type":"WebSite","@id":"https:\/\/cuida-pro.com\/#website","url":"https:\/\/cuida-pro.com\/","name":"Cuidadores de persones grans - Cuida Pro","description":"Cuidadores de persones grans i ancians a domicili. Disposem dels millors professionals per a la cura de majors. Atenci\u00f3 24 Hores. Cuida Pro","publisher":{"@id":"https:\/\/cuida-pro.com\/#organization"},"potentialAction":[{"@type":"SearchAction","target":{"@type":"EntryPoint","urlTemplate":"https:\/\/cuida-pro.com\/?s={search_term_string}"},"query-input":{"@type":"PropertyValueSpecification","valueRequired":true,"valueName":"search_term_string"}}],"inLanguage":"es"},{"@type":"Organization","@id":"https:\/\/cuida-pro.com\/#organization","name":"Cuidadores de persones grans - Cuida Pro","url":"https:\/\/cuida-pro.com\/","logo":{"@type":"ImageObject","inLanguage":"es","@id":"https:\/\/cuida-pro.com\/#\/schema\/logo\/image\/","url":"https:\/\/angry-germain.93-93-118-239.plesk.page\/wp-content\/uploads\/2023\/12\/Cuidapro_eslogan_negatiu-1024x442-1.png","contentUrl":"https:\/\/angry-germain.93-93-118-239.plesk.page\/wp-content\/uploads\/2023\/12\/Cuidapro_eslogan_negatiu-1024x442-1.png","width":1024,"height":442,"caption":"Cuidadores de persones grans - Cuida Pro"},"image":{"@id":"https:\/\/cuida-pro.com\/#\/schema\/logo\/image\/"},"sameAs":["https:\/\/www.facebook.com\/profile.php?id=1000713764651040","http:\/\/www.linkedin.com\/company\/cuida-pro\/","http:\/\/www.instagram.com\/cuida.pro\/"]}]}},"_links":{"self":[{"href":"https:\/\/cuida-pro.com\/index.php?rest_route=\/wp\/v2\/pages\/17","targetHints":{"allow":["GET"]}}],"collection":[{"href":"https:\/\/cuida-pro.com\/index.php?rest_route=\/wp\/v2\/pages"}],"about":[{"href":"https:\/\/cuida-pro.com\/index.php?rest_route=\/wp\/v2\/types\/page"}],"author":[{"embeddable":true,"href":"https:\/\/cuida-pro.com\/index.php?rest_route=\/wp\/v2\/users\/1"}],"replies":[{"embeddable":true,"href":"https:\/\/cuida-pro.com\/index.php?rest_route=%2Fwp%2Fv2%2Fcomments&post=17"}],"version-history":[{"count":38,"href":"https:\/\/cuida-pro.com\/index.php?rest_route=\/wp\/v2\/pages\/17\/revisions"}],"predecessor-version":[{"id":1056,"href":"https:\/\/cuida-pro.com\/index.php?rest_route=\/wp\/v2\/pages\/17\/revisions\/1056"}],"wp:featuredmedia":[{"embeddable":true,"href":"https:\/\/cuida-pro.com\/index.php?rest_route=\/wp\/v2\/media\/206"}],"wp:attachment":[{"href":"https:\/\/cuida-pro.com\/index.php?rest_route=%2Fwp%2Fv2%2Fmedia&parent=17"}],"curies":[{"name":"wp","href":"https:\/\/api.w.org\/{rel}","templated":true}]}}